{"id":682,"date":"2022-10-05T12:30:21","date_gmt":"2022-10-05T12:30:21","guid":{"rendered":"https:\/\/parkdisdeposu.com\/?post_type=product&#038;p=682"},"modified":"2022-10-05T12:30:21","modified_gmt":"2022-10-05T12:30:21","slug":"plastic-x-ray-digital-sensor-sleeve-plastik-x-ray-rvg-sensor-kilifi","status":"publish","type":"product","link":"https:\/\/parkdisdeposu.com\/index.php\/product\/plastic-x-ray-digital-sensor-sleeve-plastik-x-ray-rvg-sensor-kilifi\/","title":{"rendered":"PLASTIC X-RAY DIGITAL SENSOR SLEEVE Plastik X-Ray Rvg Sens\u00f6r K\u0131l\u0131f\u0131"},"content":{"rendered":"<h1><strong>Plastik X-Ray Rvg Sens\u00f6r K\u0131l\u0131f\u0131<\/strong><\/h1>\n<p>AVANTAJLARI<\/p>\n<p>* Dijital X-ray rvg sens\u00f6r\u00fc i\u00e7in hijyenik tek kullan\u0131ml\u0131k k\u0131l\u0131flard\u0131r.<\/p>\n<p>Paketleme:500&#8217;l\u00fck Kutu<\/p>\n","protected":false},"excerpt":{"rendered":"<p>Plastik X-Ray Rvg Sens\u00f6r K\u0131l\u0131f\u0131 AVANTAJLARI * Dijital X-ray rvg sens\u00f6r\u00fc i\u00e7in hijyenik tek kullan\u0131ml\u0131k k\u0131l\u0131flard\u0131r. Paketleme:500&#8217;l\u00fck Kutu<\/p>\n","protected":false},"featured_media":683,"comment_status":"open","ping_status":"closed","template":"","meta":[],"product_cat":[26,43],"product_tag":[],"class_list":["post-682","product","type-product","status-publish","has-post-thumbnail","hentry","product_cat-klinik-sarf-malzemeler","product_cat-zt-dental"],"_links":{"self":[{"href":"https:\/\/parkdisdeposu.com\/index.php\/wp-json\/wp\/v2\/product\/682","targetHints":{"allow":["GET"]}}],"collection":[{"href":"https:\/\/parkdisdeposu.com\/index.php\/wp-json\/wp\/v2\/product"}],"about":[{"href":"https:\/\/parkdisdeposu.com\/index.php\/wp-json\/wp\/v2\/types\/product"}],"replies":[{"embeddable":true,"href":"https:\/\/parkdisdeposu.com\/index.php\/wp-json\/wp\/v2\/comments?post=682"}],"wp:featuredmedia":[{"embeddable":true,"href":"https:\/\/parkdisdeposu.com\/index.php\/wp-json\/wp\/v2\/media\/683"}],"wp:attachment":[{"href":"https:\/\/parkdisdeposu.com\/index.php\/wp-json\/wp\/v2\/media?parent=682"}],"wp:term":[{"taxonomy":"product_cat","embeddable":true,"href":"https:\/\/parkdisdeposu.com\/index.php\/wp-json\/wp\/v2\/product_cat?post=682"},{"taxonomy":"product_tag","embeddable":true,"href":"https:\/\/parkdisdeposu.com\/index.php\/wp-json\/wp\/v2\/product_tag?post=682"}],"curies":[{"name":"wp","href":"https:\/\/api.w.org\/{rel}","templated":true}]}}