{"id":676,"date":"2022-10-05T10:27:01","date_gmt":"2022-10-05T10:27:01","guid":{"rendered":"https:\/\/parkdisdeposu.com\/?post_type=product&#038;p=676"},"modified":"2022-10-05T10:27:01","modified_gmt":"2022-10-05T10:27:01","slug":"plastic-autoclavable-impression-trays-plastik-otoklavlanabilir-olcu-kasiklari","status":"publish","type":"product","link":"https:\/\/parkdisdeposu.com\/index.php\/product\/plastic-autoclavable-impression-trays-plastik-otoklavlanabilir-olcu-kasiklari\/","title":{"rendered":"PLASTIC AUTOCLAVABLE IMPRESSION TRAYS Plastik Otoklavlanabilir \u00d6l\u00e7\u00fc Ka\u015f\u0131klar\u0131"},"content":{"rendered":"<h1>Plastik Otoklavlanabilir \u00d6l\u00e7\u00fc Ka\u015f\u0131klar\u0131<\/h1>\n<p>AVANTAJLARI<\/p>\n<p>*Konfor i\u00e7in g\u00fc\u00e7l\u00fc, distorsiyonsuz, p\u00fcr\u00fczs\u00fcz kenarlar, \u00f6l\u00e7\u00fc malzemeleri i\u00e7in m\u00fckemmel tutuculuk sa\u011flar.<\/p>\n<p>*Otoklavda steril edilebilir.<\/p>\n<p>*% 100 lateks i\u00e7ermez.<\/p>\n<p>Paketleme: 10&#8217;luk Asorti Paket<\/p>\n","protected":false},"excerpt":{"rendered":"<p>Plastik Otoklavlanabilir \u00d6l\u00e7\u00fc Ka\u015f\u0131klar\u0131 AVANTAJLARI *Konfor i\u00e7in g\u00fc\u00e7l\u00fc, distorsiyonsuz, p\u00fcr\u00fczs\u00fcz kenarlar, \u00f6l\u00e7\u00fc malzemeleri i\u00e7in m\u00fckemmel tutuculuk sa\u011flar. *Otoklavda steril edilebilir. *% 100 lateks i\u00e7ermez. Paketleme: 10&#8217;luk Asorti Paket<\/p>\n","protected":false},"featured_media":677,"comment_status":"open","ping_status":"closed","template":"","meta":[],"product_cat":[26,43],"product_tag":[],"class_list":["post-676","product","type-product","status-publish","has-post-thumbnail","hentry","product_cat-klinik-sarf-malzemeler","product_cat-zt-dental"],"_links":{"self":[{"href":"https:\/\/parkdisdeposu.com\/index.php\/wp-json\/wp\/v2\/product\/676","targetHints":{"allow":["GET"]}}],"collection":[{"href":"https:\/\/parkdisdeposu.com\/index.php\/wp-json\/wp\/v2\/product"}],"about":[{"href":"https:\/\/parkdisdeposu.com\/index.php\/wp-json\/wp\/v2\/types\/product"}],"replies":[{"embeddable":true,"href":"https:\/\/parkdisdeposu.com\/index.php\/wp-json\/wp\/v2\/comments?post=676"}],"wp:featuredmedia":[{"embeddable":true,"href":"https:\/\/parkdisdeposu.com\/index.php\/wp-json\/wp\/v2\/media\/677"}],"wp:attachment":[{"href":"https:\/\/parkdisdeposu.com\/index.php\/wp-json\/wp\/v2\/media?parent=676"}],"wp:term":[{"taxonomy":"product_cat","embeddable":true,"href":"https:\/\/parkdisdeposu.com\/index.php\/wp-json\/wp\/v2\/product_cat?post=676"},{"taxonomy":"product_tag","embeddable":true,"href":"https:\/\/parkdisdeposu.com\/index.php\/wp-json\/wp\/v2\/product_tag?post=676"}],"curies":[{"name":"wp","href":"https:\/\/api.w.org\/{rel}","templated":true}]}}