{"id":650,"date":"2022-09-30T07:00:45","date_gmt":"2022-09-30T07:00:45","guid":{"rendered":"https:\/\/parkdisdeposu.com\/?post_type=product&#038;p=650"},"modified":"2022-09-30T07:00:45","modified_gmt":"2022-09-30T07:00:45","slug":"handy-digital-dental-x-ray-imaging-system-hdr-500-handy-dijital-x-ray-dis-goruntuleme-sistemi-hdr-500","status":"publish","type":"product","link":"https:\/\/parkdisdeposu.com\/index.php\/product\/handy-digital-dental-x-ray-imaging-system-hdr-500-handy-dijital-x-ray-dis-goruntuleme-sistemi-hdr-500\/","title":{"rendered":"HANDY DIGITAL DENTAL X-RAY IMAGING SYSTEM HDR-500 Handy Dijital X-Ray Di\u015f G\u00f6r\u00fcnt\u00fcleme Sistemi Hdr-500"},"content":{"rendered":"<h1><strong>Handy Dijital X-Ray Di\u015f G\u00f6r\u00fcnt\u00fcleme Sistemi Hdr-500<\/strong><\/h1>\n<table width=\"63%\">\n<tbody>\n<tr>\n<td colspan=\"2\" width=\"100%\">\u00d6zellikler<\/td>\n<\/tr>\n<tr>\n<td width=\"33%\">Sens\u00f6r<\/td>\n<td width=\"66%\">HDR-500<\/td>\n<\/tr>\n<tr>\n<td width=\"33%\">\u00c7ip Tipi<\/td>\n<td width=\"66%\">CMOS APS<\/td>\n<\/tr>\n<tr>\n<td width=\"33%\">Fiber Optik Plaka<\/td>\n<td width=\"66%\">Evet<\/td>\n<\/tr>\n<tr>\n<td width=\"33%\">Sintilat\u00f6r<\/td>\n<td width=\"66%\">GOS\/CsI<\/td>\n<\/tr>\n<tr>\n<td width=\"33%\">Boyut<\/td>\n<td width=\"66%\">27.5 x 38.5mm<\/td>\n<\/tr>\n<tr>\n<td rowspan=\"2\" width=\"33%\">Aktif Alan<\/td>\n<td width=\"66%\">22.5 x 30mm<\/td>\n<\/tr>\n<tr>\n<td width=\"66%\">675mm\u00b2<\/td>\n<\/tr>\n<tr>\n<td width=\"33%\">Piksel Boyutu<\/td>\n<td width=\"66%\">18.5\u03bcm<\/td>\n<\/tr>\n<tr>\n<td width=\"33%\">Aktif Piksel<\/td>\n<td width=\"66%\">1.9M\uff081600*1200\uff09<\/td>\n<\/tr>\n<tr>\n<td rowspan=\"2\" width=\"33%\">\u00c7\u00f6z\u00fcn\u00fcrl\u00fck<\/td>\n<td width=\"66%\">27lp\/mm<\/td>\n<\/tr>\n<tr>\n<td width=\"66%\">12-14lp\/mm (GOS) 16-20lp\/mm(CsI)<\/td>\n<\/tr>\n<tr>\n<td width=\"33%\">\u0130\u015fletim Sistemi<\/td>\n<td width=\"66%\">Windows2000\/xp\/win7\/win8\/win8.1\/win10 (32bit&amp;64bit)<\/td>\n<\/tr>\n<\/tbody>\n<\/table>\n","protected":false},"excerpt":{"rendered":"<p>Handy Dijital X-Ray Di\u015f G\u00f6r\u00fcnt\u00fcleme Sistemi Hdr-500 \u00d6zellikler Sens\u00f6r HDR-500 \u00c7ip Tipi CMOS APS Fiber Optik Plaka Evet Sintilat\u00f6r GOS\/CsI Boyut 27.5 x 38.5mm Aktif Alan 22.5 x 30mm 675mm\u00b2 Piksel Boyutu 18.5\u03bcm Aktif Piksel 1.9M\uff081600*1200\uff09 \u00c7\u00f6z\u00fcn\u00fcrl\u00fck 27lp\/mm 12-14lp\/mm (GOS) 16-20lp\/mm(CsI) \u0130\u015fletim Sistemi Windows2000\/xp\/win7\/win8\/win8.1\/win10 (32bit&amp;64bit)<\/p>\n","protected":false},"featured_media":651,"comment_status":"open","ping_status":"closed","template":"","meta":[],"product_cat":[40,24],"product_tag":[],"class_list":["post-650","product","type-product","status-publish","has-post-thumbnail","hentry","product_cat-handy","product_cat-klinik-cihazlar"],"_links":{"self":[{"href":"https:\/\/parkdisdeposu.com\/index.php\/wp-json\/wp\/v2\/product\/650","targetHints":{"allow":["GET"]}}],"collection":[{"href":"https:\/\/parkdisdeposu.com\/index.php\/wp-json\/wp\/v2\/product"}],"about":[{"href":"https:\/\/parkdisdeposu.com\/index.php\/wp-json\/wp\/v2\/types\/product"}],"replies":[{"embeddable":true,"href":"https:\/\/parkdisdeposu.com\/index.php\/wp-json\/wp\/v2\/comments?post=650"}],"wp:featuredmedia":[{"embeddable":true,"href":"https:\/\/parkdisdeposu.com\/index.php\/wp-json\/wp\/v2\/media\/651"}],"wp:attachment":[{"href":"https:\/\/parkdisdeposu.com\/index.php\/wp-json\/wp\/v2\/media?parent=650"}],"wp:term":[{"taxonomy":"product_cat","embeddable":true,"href":"https:\/\/parkdisdeposu.com\/index.php\/wp-json\/wp\/v2\/product_cat?post=650"},{"taxonomy":"product_tag","embeddable":true,"href":"https:\/\/parkdisdeposu.com\/index.php\/wp-json\/wp\/v2\/product_tag?post=650"}],"curies":[{"name":"wp","href":"https:\/\/api.w.org\/{rel}","templated":true}]}}