{"id":638,"date":"2022-09-27T08:36:30","date_gmt":"2022-09-27T08:36:30","guid":{"rendered":"https:\/\/parkdisdeposu.com\/?post_type=product&#038;p=638"},"modified":"2022-09-27T08:36:30","modified_gmt":"2022-09-27T08:36:30","slug":"pearl-endopia-x-protype-protaper-paper-point-pearl-endopia-x-protype-protaper-uyumlu-kanal-kurulama-kagidi","status":"publish","type":"product","link":"https:\/\/parkdisdeposu.com\/index.php\/product\/pearl-endopia-x-protype-protaper-paper-point-pearl-endopia-x-protype-protaper-uyumlu-kanal-kurulama-kagidi\/","title":{"rendered":"PEARL ENDOPIA X-PROTYPE (PROTAPER) PAPER POINT Pearl Endopia X-Protype (Protaper Uyumlu) Kanal Kurulama Ka\u011f\u0131d\u0131"},"content":{"rendered":"<h1><strong>Pearl Endopia X-Protype (Protaper Uyumlu) Kanal Kurulama Ka\u011f\u0131d\u0131<\/strong><\/h1>\n<p><strong>AVANTAJLARI<\/strong><\/p>\n<p>*Protaper \u00fcniversal d\u00f6ner aletler i\u00e7in uyumlu olarak tasarlanm\u0131\u015ft\u0131r.<\/p>\n<p>*Kolay ve h\u0131zl\u0131 tan\u0131mlama i\u00e7im \u00f6zel olarak renklendirilmi\u015ftir.<\/p>\n<p>*ISO aksesuar \u00f6l\u00e7\u00fcmlerine uygundur.<\/p>\n<p>*Y\u00fcksek emilim ve kurutma g\u00fcc\u00fcne sahiptir.<\/p>\n<p>*Gama \u0131\u015f\u0131nlar\u0131yla sterilize edilmi\u015ftir.<\/p>\n<p>*Milimetrik i\u015faretlemesi sayesinde kolay derinlik \u00f6l\u00e7me yetene\u011fi<\/p>\n<p>*Raf \u00f6mr\u00fc uzundur. 100 adetlik \u00f6zel paketindedir.<\/p>\n<p>*Rotary\u00a0ve el e\u011feler i\u00e7in\u00a0Sorti (F1-F2-F3-F4-F5) veya Asorti (F1-F3) \u015feklinde paketleme mevcuttur.<\/p>\n","protected":false},"excerpt":{"rendered":"<p>Pearl Endopia X-Protype (Protaper Uyumlu) Kanal Kurulama Ka\u011f\u0131d\u0131 AVANTAJLARI *Protaper \u00fcniversal d\u00f6ner aletler i\u00e7in uyumlu olarak tasarlanm\u0131\u015ft\u0131r. *Kolay ve h\u0131zl\u0131 tan\u0131mlama i\u00e7im \u00f6zel olarak renklendirilmi\u015ftir. *ISO aksesuar \u00f6l\u00e7\u00fcmlerine uygundur. *Y\u00fcksek emilim ve kurutma g\u00fcc\u00fcne sahiptir. *Gama \u0131\u015f\u0131nlar\u0131yla sterilize edilmi\u015ftir. *Milimetrik i\u015faretlemesi sayesinde kolay derinlik \u00f6l\u00e7me yetene\u011fi *Raf \u00f6mr\u00fc uzundur. 100 adetlik \u00f6zel paketindedir. *Rotary\u00a0ve el [&hellip;]<\/p>\n","protected":false},"featured_media":639,"comment_status":"open","ping_status":"closed","template":"","meta":[],"product_cat":[44,26],"product_tag":[],"class_list":["post-638","product","type-product","status-publish","has-post-thumbnail","hentry","product_cat-pearl-dent","product_cat-klinik-sarf-malzemeler"],"_links":{"self":[{"href":"https:\/\/parkdisdeposu.com\/index.php\/wp-json\/wp\/v2\/product\/638","targetHints":{"allow":["GET"]}}],"collection":[{"href":"https:\/\/parkdisdeposu.com\/index.php\/wp-json\/wp\/v2\/product"}],"about":[{"href":"https:\/\/parkdisdeposu.com\/index.php\/wp-json\/wp\/v2\/types\/product"}],"replies":[{"embeddable":true,"href":"https:\/\/parkdisdeposu.com\/index.php\/wp-json\/wp\/v2\/comments?post=638"}],"wp:featuredmedia":[{"embeddable":true,"href":"https:\/\/parkdisdeposu.com\/index.php\/wp-json\/wp\/v2\/media\/639"}],"wp:attachment":[{"href":"https:\/\/parkdisdeposu.com\/index.php\/wp-json\/wp\/v2\/media?parent=638"}],"wp:term":[{"taxonomy":"product_cat","embeddable":true,"href":"https:\/\/parkdisdeposu.com\/index.php\/wp-json\/wp\/v2\/product_cat?post=638"},{"taxonomy":"product_tag","embeddable":true,"href":"https:\/\/parkdisdeposu.com\/index.php\/wp-json\/wp\/v2\/product_tag?post=638"}],"curies":[{"name":"wp","href":"https:\/\/api.w.org\/{rel}","templated":true}]}}