{"id":629,"date":"2022-09-27T08:21:35","date_gmt":"2022-09-27T08:21:35","guid":{"rendered":"https:\/\/parkdisdeposu.com\/?post_type=product&#038;p=629"},"modified":"2022-09-27T08:21:35","modified_gmt":"2022-09-27T08:21:35","slug":"pearl-endopia-x-protype-gutta-percha-pearl-endopia-x-protype-protaper-uyumlu-guta-perka","status":"publish","type":"product","link":"https:\/\/parkdisdeposu.com\/index.php\/product\/pearl-endopia-x-protype-gutta-percha-pearl-endopia-x-protype-protaper-uyumlu-guta-perka\/","title":{"rendered":"PEARL ENDOPIA X-PROTYPE GUTTA PERCHA Pearl Endopia X-Protype (Protaper Uyumlu) Guta Perka"},"content":{"rendered":"<h1><strong>Pearl Endopia X-Protype (Protaper Uyumlu) Guta Perka<\/strong><\/h1>\n<p><strong>AVANTAJLARI<\/strong><\/p>\n<p>*Protaper \u00fcniversal d\u00f6ner aletler i\u00e7in uyumlu olarak tasarlanm\u0131\u015ft\u0131r.<\/p>\n<p>*ISO aksesuar \u00f6l\u00e7\u00fcmlerine uygundur.<\/p>\n<p>*X-Ray\u2019da kolayca g\u00f6r\u00fclebilir. Gama \u0131\u015f\u0131nlar\u0131 ile sterilize edilmi\u015ftir.<\/p>\n<p>*Lateral ve Vertikal kondensasyonlara uygundur.<\/p>\n<p>*Milimetrik i\u015faretlemesi sayesinde kolay derinlik \u00f6l\u00e7me yetene\u011fi<\/p>\n<p>*Esnek ve g\u00fc\u00e7l\u00fc yap\u0131s\u0131 sayesinde kanala rahatl\u0131kla konulur.<\/p>\n<p>*Raf \u00f6mr\u00fc uzundur. 60 adetlik \u00f6zel paketindedir.<\/p>\n<p>*Rotary\u00a0ve El E\u011feleri i\u00e7in\u00a0Sorti (F1-F2-F3-F4-F5) veya Asorti (F1-F3) \u015feklinde paketleme mevcuttur.<\/p>\n<p>&nbsp;<\/p>\n","protected":false},"excerpt":{"rendered":"<p>Pearl Endopia X-Protype (Protaper Uyumlu) Guta Perka AVANTAJLARI *Protaper \u00fcniversal d\u00f6ner aletler i\u00e7in uyumlu olarak tasarlanm\u0131\u015ft\u0131r. *ISO aksesuar \u00f6l\u00e7\u00fcmlerine uygundur. *X-Ray\u2019da kolayca g\u00f6r\u00fclebilir. Gama \u0131\u015f\u0131nlar\u0131 ile sterilize edilmi\u015ftir. *Lateral ve Vertikal kondensasyonlara uygundur. *Milimetrik i\u015faretlemesi sayesinde kolay derinlik \u00f6l\u00e7me yetene\u011fi *Esnek ve g\u00fc\u00e7l\u00fc yap\u0131s\u0131 sayesinde kanala rahatl\u0131kla konulur. *Raf \u00f6mr\u00fc uzundur. 60 adetlik \u00f6zel paketindedir. [&hellip;]<\/p>\n","protected":false},"featured_media":630,"comment_status":"open","ping_status":"closed","template":"","meta":[],"product_cat":[44,26],"product_tag":[],"class_list":["post-629","product","type-product","status-publish","has-post-thumbnail","hentry","product_cat-pearl-dent","product_cat-klinik-sarf-malzemeler"],"_links":{"self":[{"href":"https:\/\/parkdisdeposu.com\/index.php\/wp-json\/wp\/v2\/product\/629","targetHints":{"allow":["GET"]}}],"collection":[{"href":"https:\/\/parkdisdeposu.com\/index.php\/wp-json\/wp\/v2\/product"}],"about":[{"href":"https:\/\/parkdisdeposu.com\/index.php\/wp-json\/wp\/v2\/types\/product"}],"replies":[{"embeddable":true,"href":"https:\/\/parkdisdeposu.com\/index.php\/wp-json\/wp\/v2\/comments?post=629"}],"wp:featuredmedia":[{"embeddable":true,"href":"https:\/\/parkdisdeposu.com\/index.php\/wp-json\/wp\/v2\/media\/630"}],"wp:attachment":[{"href":"https:\/\/parkdisdeposu.com\/index.php\/wp-json\/wp\/v2\/media?parent=629"}],"wp:term":[{"taxonomy":"product_cat","embeddable":true,"href":"https:\/\/parkdisdeposu.com\/index.php\/wp-json\/wp\/v2\/product_cat?post=629"},{"taxonomy":"product_tag","embeddable":true,"href":"https:\/\/parkdisdeposu.com\/index.php\/wp-json\/wp\/v2\/product_tag?post=629"}],"curies":[{"name":"wp","href":"https:\/\/api.w.org\/{rel}","templated":true}]}}