{"id":615,"date":"2022-09-24T10:08:50","date_gmt":"2022-09-24T10:08:50","guid":{"rendered":"https:\/\/parkdisdeposu.com\/?post_type=product&#038;p=615"},"modified":"2022-09-24T10:08:50","modified_gmt":"2022-09-24T10:08:50","slug":"g-star-rcreciproc-rotary-file-gold-g-star-rc-reciproc-doner-ege-sistemi-gold","status":"publish","type":"product","link":"https:\/\/parkdisdeposu.com\/index.php\/product\/g-star-rcreciproc-rotary-file-gold-g-star-rc-reciproc-doner-ege-sistemi-gold\/","title":{"rendered":"G-STAR RC+RECIPROC ROTARY FILE GOLD G-Star RC+ Reciproc D\u00f6ner E\u011fe Sistemi Gold"},"content":{"rendered":"<h1><strong> G-Star RC+ Reciproc D\u00f6ner E\u011fe Sistemi Gold<\/strong><\/h1>\n<p>AVANTAJLARI<\/p>\n<p>*Sistem &#8216;Balance force&#8217; konseptine benzer \u00e7al\u0131\u015fmaktad\u0131r.<\/p>\n<p>*Balance force sisteminde e\u011fe \u00f6nce saat y\u00f6n\u00fcnde d\u00f6ner sonra saat y\u00f6n\u00fcn\u00fcn tersine d\u00f6ner.<\/p>\n<p>*Reciproc \u00e7al\u0131\u015fma prensibi ise e\u011fe \u00f6nce saat y\u00f6n\u00fcn\u00fcn tersine 2 ad\u0131m d\u00f6ner sonra 1 ad\u0131m saat y\u00f6n\u00fcnde d\u00f6nerek \u00e7al\u0131\u015f\u0131r.<\/p>\n<p>*Resiprokasyon\u00a0 sisteminde e\u011fe \u00f6nce kesme y\u00f6n\u00fcnde d\u00f6nd\u00fcr\u00fcl\u00fcr sonra geri d\u00f6ner ve s\u0131k\u0131\u015fmas\u0131 engellenir.<\/p>\n<p>*Tek kanal\u0131n haz\u0131rlanmas\u0131, m\u00fckemmel bir a\u00e7\u0131ya sahip sadece bir<\/p>\n<p>resiprokasyon e\u011fesi ile tamamlanabilir<\/p>\n<p>*Uygulama s\u0131ras\u0131nda e\u011fe de\u011fi\u015fimine ihtiya\u00e7 duyulmad\u0131\u011f\u0131ndan<\/p>\n<p>di\u015f hekiminin i\u015flemini olduk\u00e7a k\u0131saltmaktad\u0131r.<\/p>\n","protected":false},"excerpt":{"rendered":"<p>G-Star RC+ Reciproc D\u00f6ner E\u011fe Sistemi Gold AVANTAJLARI *Sistem &#8216;Balance force&#8217; konseptine benzer \u00e7al\u0131\u015fmaktad\u0131r. *Balance force sisteminde e\u011fe \u00f6nce saat y\u00f6n\u00fcnde d\u00f6ner sonra saat y\u00f6n\u00fcn\u00fcn tersine d\u00f6ner. *Reciproc \u00e7al\u0131\u015fma prensibi ise e\u011fe \u00f6nce saat y\u00f6n\u00fcn\u00fcn tersine 2 ad\u0131m d\u00f6ner sonra 1 ad\u0131m saat y\u00f6n\u00fcnde d\u00f6nerek \u00e7al\u0131\u015f\u0131r. *Resiprokasyon\u00a0 sisteminde e\u011fe \u00f6nce kesme y\u00f6n\u00fcnde d\u00f6nd\u00fcr\u00fcl\u00fcr sonra geri [&hellip;]<\/p>\n","protected":false},"featured_media":616,"comment_status":"open","ping_status":"closed","template":"","meta":[],"product_cat":[45,26],"product_tag":[],"class_list":["post-615","product","type-product","status-publish","has-post-thumbnail","hentry","product_cat-g-star","product_cat-klinik-sarf-malzemeler"],"_links":{"self":[{"href":"https:\/\/parkdisdeposu.com\/index.php\/wp-json\/wp\/v2\/product\/615","targetHints":{"allow":["GET"]}}],"collection":[{"href":"https:\/\/parkdisdeposu.com\/index.php\/wp-json\/wp\/v2\/product"}],"about":[{"href":"https:\/\/parkdisdeposu.com\/index.php\/wp-json\/wp\/v2\/types\/product"}],"replies":[{"embeddable":true,"href":"https:\/\/parkdisdeposu.com\/index.php\/wp-json\/wp\/v2\/comments?post=615"}],"wp:featuredmedia":[{"embeddable":true,"href":"https:\/\/parkdisdeposu.com\/index.php\/wp-json\/wp\/v2\/media\/616"}],"wp:attachment":[{"href":"https:\/\/parkdisdeposu.com\/index.php\/wp-json\/wp\/v2\/media?parent=615"}],"wp:term":[{"taxonomy":"product_cat","embeddable":true,"href":"https:\/\/parkdisdeposu.com\/index.php\/wp-json\/wp\/v2\/product_cat?post=615"},{"taxonomy":"product_tag","embeddable":true,"href":"https:\/\/parkdisdeposu.com\/index.php\/wp-json\/wp\/v2\/product_tag?post=615"}],"curies":[{"name":"wp","href":"https:\/\/api.w.org\/{rel}","templated":true}]}}