{"id":613,"date":"2022-09-24T09:09:35","date_gmt":"2022-09-24T09:09:35","guid":{"rendered":"https:\/\/parkdisdeposu.com\/?post_type=product&#038;p=613"},"modified":"2022-09-24T09:09:36","modified_gmt":"2022-09-24T09:09:36","slug":"g-star-ni-ti-u-file-rotary-blue-g-star-nikel-titanyum-u-file-acili-doner-ege-sistemi-mavi","status":"publish","type":"product","link":"https:\/\/parkdisdeposu.com\/index.php\/product\/g-star-ni-ti-u-file-rotary-blue-g-star-nikel-titanyum-u-file-acili-doner-ege-sistemi-mavi\/","title":{"rendered":"G-STAR NI-TI U-FILE ROTARY BLUE G-Star Nikel Titanyum U-File A\u00e7\u0131l\u0131 D\u00f6ner E\u011fe Sistemi Mavi"},"content":{"rendered":"<h1><strong>G-Star Nikel Titanyum U-File A\u00e7\u0131l\u0131 D\u00f6ner E\u011fe Sistemi Mavi<\/strong><\/h1>\n<p>AVANTAJLARI<\/p>\n<p>*G-Star U File Blue nikel titanyum d\u00f6ner e\u011feleri daha esnek bir yap\u0131ya sahiptir ve \u00f6zel zor, y\u00fcksek kalsifiye veya e\u011fri k\u00f6k kanallar\u0131n\u0131n tedavisi i\u00e7in tasarlanm\u0131\u015ft\u0131r.<\/p>\n<p>*SX kanal e\u011fesi 19 mm uzunlu\u011funda olup koronal geni\u015fletme ve \u015fekillendirme ama\u00e7l\u0131 kullan\u0131l\u0131r.<\/p>\n<p>*S1 ve S2 kanal e\u011feleri kanal\u0131n koronal \u00fc\u00e7l\u00fcs\u00fcn\u00fc prepare etmek ve geni\u015fletmek i\u00e7indir.<\/p>\n<p>*F1, F2, F3, F4 ve F5 kanal e\u011feleri ise bitim e\u011feleri olup apikalde \u015fekillendirme yapmak i\u00e7in tasarlanm\u0131\u015flard\u0131r.<\/p>\n<p>* G-Star U File Blue, klinisyenlerin ihtiya\u00e7lar\u0131n\u0131 kar\u015f\u0131lamak i\u00e7in \u00f6zel olarak tasarlanm\u0131\u015f kapsaml\u0131 bir sistemdir.<\/p>\n<p>*Kanal \u015fekli ne olursa olsun sadece tek bir alet dizisi vard\u0131r.<\/p>\n<p>*Bir\u00e7ok vaka i\u00e7in sadece 3 alet yeterlidir.<\/p>\n<p>*\u0130yi bir kanal temizli\u011fi i\u00e7in \u00f6zel apikal koniklik a\u00e7\u0131lar\u0131 mevcuttur.<\/p>\n<p>*T\u00fcm rotary cihazlar\u0131 ile uyumludur.<\/p>\n<p>*6\u2019l\u0131k \u00d6zel Paketinde gelmektedir.<\/p>\n","protected":false},"excerpt":{"rendered":"<p>G-Star Nikel Titanyum U-File A\u00e7\u0131l\u0131 D\u00f6ner E\u011fe Sistemi Mavi AVANTAJLARI *G-Star U File Blue nikel titanyum d\u00f6ner e\u011feleri daha esnek bir yap\u0131ya sahiptir ve \u00f6zel zor, y\u00fcksek kalsifiye veya e\u011fri k\u00f6k kanallar\u0131n\u0131n tedavisi i\u00e7in tasarlanm\u0131\u015ft\u0131r. *SX kanal e\u011fesi 19 mm uzunlu\u011funda olup koronal geni\u015fletme ve \u015fekillendirme ama\u00e7l\u0131 kullan\u0131l\u0131r. *S1 ve S2 kanal e\u011feleri kanal\u0131n koronal [&hellip;]<\/p>\n","protected":false},"featured_media":614,"comment_status":"open","ping_status":"closed","template":"","meta":[],"product_cat":[45,26],"product_tag":[],"class_list":["post-613","product","type-product","status-publish","has-post-thumbnail","hentry","product_cat-g-star","product_cat-klinik-sarf-malzemeler"],"_links":{"self":[{"href":"https:\/\/parkdisdeposu.com\/index.php\/wp-json\/wp\/v2\/product\/613","targetHints":{"allow":["GET"]}}],"collection":[{"href":"https:\/\/parkdisdeposu.com\/index.php\/wp-json\/wp\/v2\/product"}],"about":[{"href":"https:\/\/parkdisdeposu.com\/index.php\/wp-json\/wp\/v2\/types\/product"}],"replies":[{"embeddable":true,"href":"https:\/\/parkdisdeposu.com\/index.php\/wp-json\/wp\/v2\/comments?post=613"}],"wp:featuredmedia":[{"embeddable":true,"href":"https:\/\/parkdisdeposu.com\/index.php\/wp-json\/wp\/v2\/media\/614"}],"wp:attachment":[{"href":"https:\/\/parkdisdeposu.com\/index.php\/wp-json\/wp\/v2\/media?parent=613"}],"wp:term":[{"taxonomy":"product_cat","embeddable":true,"href":"https:\/\/parkdisdeposu.com\/index.php\/wp-json\/wp\/v2\/product_cat?post=613"},{"taxonomy":"product_tag","embeddable":true,"href":"https:\/\/parkdisdeposu.com\/index.php\/wp-json\/wp\/v2\/product_tag?post=613"}],"curies":[{"name":"wp","href":"https:\/\/api.w.org\/{rel}","templated":true}]}}