{"id":601,"date":"2022-09-24T08:19:50","date_gmt":"2022-09-24T08:19:50","guid":{"rendered":"https:\/\/parkdisdeposu.com\/?post_type=product&#038;p=601"},"modified":"2025-05-06T05:11:00","modified_gmt":"2025-05-06T05:11:00","slug":"lifemed-portable-dental-x-ray-machine-lifemed-tasinabilir-portatif-periapikal-rontgen","status":"publish","type":"product","link":"https:\/\/parkdisdeposu.com\/index.php\/product\/lifemed-portable-dental-x-ray-machine-lifemed-tasinabilir-portatif-periapikal-rontgen\/","title":{"rendered":"LIFEMED PORTABLE DENTAL X-RAY MACHINE Lifemed Ta\u015f\u0131nabilir Portatif Periapikal R\u00f6ntgen"},"content":{"rendered":"<h1><strong>Lifemed Ta\u015f\u0131nabilir Portatif Periapikal R\u00f6ntgen<\/strong><\/h1>\n<p>AVANTAJLARI<\/p>\n<p>*Y\u00fcksek frekans, k\u00fc\u00e7\u00fck odak, net g\u00f6r\u00fcnt\u00fc.<\/p>\n<p>*Kullan\u0131c\u0131lar\u0131 r\u00f6ntgenden korumak i\u00e7in \u00e7ift kur\u015fun katman.<\/p>\n<p>*\u015earj edilebilir pil, tek \u015farjla yakla\u015f\u0131k 200 kez uzun \u00f6m\u00fcrl\u00fc kullan\u0131m.<\/p>\n<p>*Japon Toshiba t\u00fcp<\/p>\n<p>*Kolay kontrol, \u00e7oklu kullan\u0131m.<\/p>\n<p>&nbsp;<\/p>\n<table>\n<tbody>\n<tr>\n<td width=\"206\">TEKN\u0130K VER\u0130LER<\/td>\n<td width=\"170\">&nbsp;<\/td>\n<\/tr>\n<tr>\n<td width=\"206\">T\u00fcp Voltaj\u0131<\/td>\n<td width=\"170\">65kV<\/td>\n<\/tr>\n<tr>\n<td width=\"206\">T\u00fcp Ak\u0131m\u0131<\/td>\n<td width=\"170\">2mA<\/td>\n<\/tr>\n<tr>\n<td width=\"206\">Zaman Pozlama<\/td>\n<td width=\"170\">0.1~2.5s<\/td>\n<\/tr>\n<tr>\n<td width=\"206\">Y\u00fcksek bas\u0131n\u00e7 \u00fcretec<\/td>\n<td width=\"170\">40kHz DC<\/td>\n<\/tr>\n<tr>\n<td width=\"206\">Anma G\u00fcc\u00fc: 400VA<\/td>\n<td width=\"170\">400VA<\/td>\n<\/tr>\n<tr>\n<td width=\"206\">Cilt Mesafesine Odak Noktas\u0131<\/td>\n<td width=\"170\">110mm<\/td>\n<\/tr>\n<tr>\n<td width=\"206\">Odak Noktas\u0131 Boyutu<\/td>\n<td width=\"170\">0.4mm(TOSHIBA)<\/td>\n<\/tr>\n<tr>\n<td width=\"206\">\u015earj Giri\u015f Voltaj\u0131<\/td>\n<td width=\"170\">AC100V~240V\u00b1%10<\/td>\n<\/tr>\n<tr>\n<td width=\"206\">Giri\u015f Voltaj\u0131<\/td>\n<td width=\"170\">25.2V DC<\/td>\n<\/tr>\n<tr>\n<td width=\"206\">Besleme Frekans\u0131<\/td>\n<td width=\"170\">50\/60Hz\u00b11%<\/td>\n<\/tr>\n<tr>\n<td width=\"206\">Radyasyon S\u0131z\u0131nt\u0131s\u0131<\/td>\n<td width=\"170\">&lt;0.025mGy\/h<\/td>\n<\/tr>\n<tr>\n<td width=\"206\">Pil<\/td>\n<td width=\"170\">24.2V DC<\/td>\n<\/tr>\n<tr>\n<td width=\"206\">Net A\u011f\u0131rl\u0131k<\/td>\n<td width=\"170\">2.2KG<\/td>\n<\/tr>\n<tr>\n<td width=\"206\">Boyutlar<\/td>\n<td width=\"170\">21 cm\u00d714,5 cm\u00d714cm<\/td>\n<\/tr>\n<\/tbody>\n<\/table>\n<p>&nbsp;<\/p>\n<p>&nbsp;<\/p>\n","protected":false},"excerpt":{"rendered":"<p>Lifemed Ta\u015f\u0131nabilir Portatif Periapikal R\u00f6ntgen AVANTAJLARI *Y\u00fcksek frekans, k\u00fc\u00e7\u00fck odak, net g\u00f6r\u00fcnt\u00fc. *Kullan\u0131c\u0131lar\u0131 r\u00f6ntgenden korumak i\u00e7in \u00e7ift kur\u015fun katman. *\u015earj edilebilir pil, tek \u015farjla yakla\u015f\u0131k 200 kez uzun \u00f6m\u00fcrl\u00fc kullan\u0131m. *Japon Toshiba t\u00fcp *Kolay kontrol, \u00e7oklu kullan\u0131m. &nbsp; TEKN\u0130K VER\u0130LER &nbsp; T\u00fcp Voltaj\u0131 65kV T\u00fcp Ak\u0131m\u0131 2mA Zaman Pozlama 0.1~2.5s Y\u00fcksek bas\u0131n\u00e7 \u00fcretec 40kHz DC [&hellip;]<\/p>\n","protected":false},"featured_media":602,"comment_status":"open","ping_status":"closed","template":"","meta":[],"product_cat":[24,41],"product_tag":[],"class_list":["post-601","product","type-product","status-publish","has-post-thumbnail","hentry","product_cat-klinik-cihazlar","product_cat-lifemed"],"_links":{"self":[{"href":"https:\/\/parkdisdeposu.com\/index.php\/wp-json\/wp\/v2\/product\/601","targetHints":{"allow":["GET"]}}],"collection":[{"href":"https:\/\/parkdisdeposu.com\/index.php\/wp-json\/wp\/v2\/product"}],"about":[{"href":"https:\/\/parkdisdeposu.com\/index.php\/wp-json\/wp\/v2\/types\/product"}],"replies":[{"embeddable":true,"href":"https:\/\/parkdisdeposu.com\/index.php\/wp-json\/wp\/v2\/comments?post=601"}],"wp:featuredmedia":[{"embeddable":true,"href":"https:\/\/parkdisdeposu.com\/index.php\/wp-json\/wp\/v2\/media\/602"}],"wp:attachment":[{"href":"https:\/\/parkdisdeposu.com\/index.php\/wp-json\/wp\/v2\/media?parent=601"}],"wp:term":[{"taxonomy":"product_cat","embeddable":true,"href":"https:\/\/parkdisdeposu.com\/index.php\/wp-json\/wp\/v2\/product_cat?post=601"},{"taxonomy":"product_tag","embeddable":true,"href":"https:\/\/parkdisdeposu.com\/index.php\/wp-json\/wp\/v2\/product_tag?post=601"}],"curies":[{"name":"wp","href":"https:\/\/api.w.org\/{rel}","templated":true}]}}