{"id":599,"date":"2022-09-24T07:49:56","date_gmt":"2022-09-24T07:49:56","guid":{"rendered":"https:\/\/parkdisdeposu.com\/?post_type=product&#038;p=599"},"modified":"2022-09-24T08:52:53","modified_gmt":"2022-09-24T08:52:53","slug":"g-star-ni-ti-rotary-greater-taper-files-g-star-nikel-titanyum-acili-doner-ege-sistemi","status":"publish","type":"product","link":"https:\/\/parkdisdeposu.com\/index.php\/product\/g-star-ni-ti-rotary-greater-taper-files-g-star-nikel-titanyum-acili-doner-ege-sistemi\/","title":{"rendered":"G-STAR NI-TI ROTARY GREATER TAPER F\u0130LES GOLD G-Star Nikel Titanyum A\u00e7\u0131l\u0131 D\u00f6ner E\u011fe Sistemi Gold"},"content":{"rendered":"<h1><strong>G-Star Nikel Titanyum A\u00e7\u0131l\u0131 D\u00f6ner E\u011fe Sistemi Gold<\/strong><\/h1>\n<p>AVANTAJLARI<\/p>\n<p>*Is\u0131l i\u015flem ile g\u00fc\u00e7lendirilmi\u015f gold metal ile daha fazla esneklik.<\/p>\n<p>*Ana enstr\u00fcmanlar i\u00e7in d\u0131\u015f b\u00fckey\u00a0 \u00e7apraz\u00a0 kesit.<\/p>\n<p>*\u0130\u015fin enstr\u00fcmanlar\u0131n deformasyonu g\u00f6z\u00fckmez.<\/p>\n<p>*Her enstr\u00fcman numaras\u0131 i\u00e7in farkl\u0131 kesme a\u00e7\u0131s\u0131na sahiptir, yani istenilmeyen vidalama etkisi e\u011fe hareketinin\u00a0 geli\u015ftirilmi\u015f kontrol\u00fc ile engellenir.<\/p>\n<p>*Hasta ve sizin i\u00e7in daha az stressiz bir tedavi olana\u011f\u0131 sunar.<\/p>\n<p>*Elle k\u00f6k kanal\u0131n\u0131 haz\u0131rlama ile kar\u015f\u0131la\u015ft\u0131r\u0131ld\u0131\u011f\u0131nda sistem % 50 zaman kazanc\u0131 sa\u011flar.<\/p>\n<p>*Maliyetleri \u00f6nemli \u00f6l\u00e7\u00fcde d\u00fc\u015f\u00fcr\u00fcr.<\/p>\n<p>*\u00dc\u00e7 \u00e7e\u015fit a\u00e7\u0131 b\u00fcy\u00fckl\u00fc\u011f\u00fcne sahiptir.<\/p>\n<p>*A\u00e7\u0131 b\u00fcy\u00fckl\u00fc\u011f\u00fc e\u011fenin g\u00f6vdesindeki siyah halkalarla belirtilir.<\/p>\n<p>Tek halka 0.2 no&#8217;lu \u00e7ap (teaper)<\/p>\n<p>\u0130ki halka 0.4 no lu a\u00e7\u0131<\/p>\n<p>\u00dc\u00e7 halka 0,6 nolu a\u00e7\u0131y\u0131 belirtir.<\/p>\n<p>*ISO numaralar\u0131 e\u011fenin g\u00f6vdesindeki renklerle belirtilir. 15 den 40&#8242; a kadar olan ISO numaralar\u0131n\u0131 i\u00e7erir.<\/p>\n<p>*\u00c7al\u0131\u015f\u0131lacak uzunluk e\u011fenin \u00fczerindeki slikon stopper ile i\u015faretlenebilir.<\/p>\n<p>*X Ray deki enstr\u00fcman\u0131n kesin pozisyonu e\u011fe \u00fczerindeki derinlik i\u015fretleri ile belirlenir.<\/p>\n<p>*%2 %4 ve %6 A\u00e7\u0131l\u0131 15-20-25-30-35-40 sorti ve asorti paketleri mevcuttur.<\/p>\n","protected":false},"excerpt":{"rendered":"<p>G-Star Nikel Titanyum A\u00e7\u0131l\u0131 D\u00f6ner E\u011fe Sistemi Gold AVANTAJLARI *Is\u0131l i\u015flem ile g\u00fc\u00e7lendirilmi\u015f gold metal ile daha fazla esneklik. *Ana enstr\u00fcmanlar i\u00e7in d\u0131\u015f b\u00fckey\u00a0 \u00e7apraz\u00a0 kesit. *\u0130\u015fin enstr\u00fcmanlar\u0131n deformasyonu g\u00f6z\u00fckmez. *Her enstr\u00fcman numaras\u0131 i\u00e7in farkl\u0131 kesme a\u00e7\u0131s\u0131na sahiptir, yani istenilmeyen vidalama etkisi e\u011fe hareketinin\u00a0 geli\u015ftirilmi\u015f kontrol\u00fc ile engellenir. *Hasta ve sizin i\u00e7in daha az stressiz [&hellip;]<\/p>\n","protected":false},"featured_media":610,"comment_status":"open","ping_status":"closed","template":"","meta":[],"product_cat":[45,26],"product_tag":[],"class_list":["post-599","product","type-product","status-publish","has-post-thumbnail","hentry","product_cat-g-star","product_cat-klinik-sarf-malzemeler"],"_links":{"self":[{"href":"https:\/\/parkdisdeposu.com\/index.php\/wp-json\/wp\/v2\/product\/599","targetHints":{"allow":["GET"]}}],"collection":[{"href":"https:\/\/parkdisdeposu.com\/index.php\/wp-json\/wp\/v2\/product"}],"about":[{"href":"https:\/\/parkdisdeposu.com\/index.php\/wp-json\/wp\/v2\/types\/product"}],"replies":[{"embeddable":true,"href":"https:\/\/parkdisdeposu.com\/index.php\/wp-json\/wp\/v2\/comments?post=599"}],"wp:featuredmedia":[{"embeddable":true,"href":"https:\/\/parkdisdeposu.com\/index.php\/wp-json\/wp\/v2\/media\/610"}],"wp:attachment":[{"href":"https:\/\/parkdisdeposu.com\/index.php\/wp-json\/wp\/v2\/media?parent=599"}],"wp:term":[{"taxonomy":"product_cat","embeddable":true,"href":"https:\/\/parkdisdeposu.com\/index.php\/wp-json\/wp\/v2\/product_cat?post=599"},{"taxonomy":"product_tag","embeddable":true,"href":"https:\/\/parkdisdeposu.com\/index.php\/wp-json\/wp\/v2\/product_tag?post=599"}],"curies":[{"name":"wp","href":"https:\/\/api.w.org\/{rel}","templated":true}]}}