{"id":597,"date":"2022-09-24T07:41:11","date_gmt":"2022-09-24T07:41:11","guid":{"rendered":"https:\/\/parkdisdeposu.com\/?post_type=product&#038;p=597"},"modified":"2022-09-24T07:41:11","modified_gmt":"2022-09-24T07:41:11","slug":"g-star-barbed-broaches-tirnerf-g-star-barbed-broaches-tirnerf","status":"publish","type":"product","link":"https:\/\/parkdisdeposu.com\/index.php\/product\/g-star-barbed-broaches-tirnerf-g-star-barbed-broaches-tirnerf\/","title":{"rendered":"G-STAR BARBED BROACHES TIRNERF G-Star Barbed Broaches Tirnerf"},"content":{"rendered":"<h1><strong>G-Star Barbed Broaches Tirnerf<\/strong><\/h1>\n<p>AVANTAJLARI<\/p>\n<p>*Paslanmaz \u00e7elikten \u00fcretilmi\u015ftir.<\/p>\n<p>*\u00d6zel yap\u0131s\u0131 ile \u00f6zel \u00e7elik ala\u015f\u0131m\u0131 k\u0131r\u0131lmaya kar\u015f\u0131 maksimum direnci ve esnekli\u011fi sa\u011flar.<\/p>\n<p>* 0#, 1#, 2#, 3#, 4#, 5#, 6# numaral\u0131 olarak sorti halde,<\/p>\n<p>*2#, 3#, 4# numaral\u0131 olarak asorti bi\u00e7imde 10 ar adetlik \u00f6zel blister paketinde ve 21mm uzunluktad\u0131r.<\/p>\n","protected":false},"excerpt":{"rendered":"<p>G-Star Barbed Broaches Tirnerf AVANTAJLARI *Paslanmaz \u00e7elikten \u00fcretilmi\u015ftir. *\u00d6zel yap\u0131s\u0131 ile \u00f6zel \u00e7elik ala\u015f\u0131m\u0131 k\u0131r\u0131lmaya kar\u015f\u0131 maksimum direnci ve esnekli\u011fi sa\u011flar. * 0#, 1#, 2#, 3#, 4#, 5#, 6# numaral\u0131 olarak sorti halde, *2#, 3#, 4# numaral\u0131 olarak asorti bi\u00e7imde 10 ar adetlik \u00f6zel blister paketinde ve 21mm uzunluktad\u0131r.<\/p>\n","protected":false},"featured_media":598,"comment_status":"open","ping_status":"closed","template":"","meta":[],"product_cat":[45,26],"product_tag":[],"class_list":["post-597","product","type-product","status-publish","has-post-thumbnail","hentry","product_cat-g-star","product_cat-klinik-sarf-malzemeler"],"_links":{"self":[{"href":"https:\/\/parkdisdeposu.com\/index.php\/wp-json\/wp\/v2\/product\/597","targetHints":{"allow":["GET"]}}],"collection":[{"href":"https:\/\/parkdisdeposu.com\/index.php\/wp-json\/wp\/v2\/product"}],"about":[{"href":"https:\/\/parkdisdeposu.com\/index.php\/wp-json\/wp\/v2\/types\/product"}],"replies":[{"embeddable":true,"href":"https:\/\/parkdisdeposu.com\/index.php\/wp-json\/wp\/v2\/comments?post=597"}],"wp:featuredmedia":[{"embeddable":true,"href":"https:\/\/parkdisdeposu.com\/index.php\/wp-json\/wp\/v2\/media\/598"}],"wp:attachment":[{"href":"https:\/\/parkdisdeposu.com\/index.php\/wp-json\/wp\/v2\/media?parent=597"}],"wp:term":[{"taxonomy":"product_cat","embeddable":true,"href":"https:\/\/parkdisdeposu.com\/index.php\/wp-json\/wp\/v2\/product_cat?post=597"},{"taxonomy":"product_tag","embeddable":true,"href":"https:\/\/parkdisdeposu.com\/index.php\/wp-json\/wp\/v2\/product_tag?post=597"}],"curies":[{"name":"wp","href":"https:\/\/api.w.org\/{rel}","templated":true}]}}