{"id":589,"date":"2022-09-24T07:25:48","date_gmt":"2022-09-24T07:25:48","guid":{"rendered":"https:\/\/parkdisdeposu.com\/?post_type=product&#038;p=589"},"modified":"2022-09-24T07:25:48","modified_gmt":"2022-09-24T07:25:48","slug":"g-star-h-k-root-canal-file-g-star-h-k-kanal-egesi","status":"publish","type":"product","link":"https:\/\/parkdisdeposu.com\/index.php\/product\/g-star-h-k-root-canal-file-g-star-h-k-kanal-egesi\/","title":{"rendered":"G-STAR H-K ROOT CANAL FILE G-Star H-K Kanal E\u011fesi"},"content":{"rendered":"<h1><strong>G-Star H-K Kanal E\u011fesi<\/strong><\/h1>\n<p>AVANTAJLARI<\/p>\n<p>*Paslanmaz \u00e7elikten \u00fcretilmi\u015ftir.<\/p>\n<p>*E\u011fe hareketleri ile kanal\u0131n geni\u015fletilmesi kolayca sa\u011flan\u0131r.<\/p>\n<p>*E\u011fe tipi, uzunlu\u011fu ve numaras\u0131 \u00fcr\u00fcn\u00fcn sap\u0131nda a\u00e7\u0131k\u00e7a belirtilmi\u015ftir.<\/p>\n<p>*\u00d6zel yap\u0131s\u0131 ile \u00f6zel \u00e7elik ala\u015f\u0131m\u0131 k\u0131r\u0131lmaya kar\u015f\u0131 maksimum direnci ve esnekli\u011fi sa\u011flar.<\/p>\n<p>*Alet g\u00f6vdesinde silikon stoperler mevcuttur.<\/p>\n<p>*Milimetrik i\u015faretlemesi sayesinde kolay derinlik \u00f6l\u00e7me yetene\u011fi<\/p>\n<p>*8-10-15-20-25-30-35-40-45-50-55-60-65-70-75-80 sorti halde,<\/p>\n<p>*15-40 ve 45-80 numaral\u0131 olarak asorti bi\u00e7imde 6 \u015far adetlik \u00f6zel blister paketinde ve 25mm-31mm uzunluklar\u0131ndad\u0131r.<\/p>\n","protected":false},"excerpt":{"rendered":"<p>G-Star H-K Kanal E\u011fesi AVANTAJLARI *Paslanmaz \u00e7elikten \u00fcretilmi\u015ftir. *E\u011fe hareketleri ile kanal\u0131n geni\u015fletilmesi kolayca sa\u011flan\u0131r. *E\u011fe tipi, uzunlu\u011fu ve numaras\u0131 \u00fcr\u00fcn\u00fcn sap\u0131nda a\u00e7\u0131k\u00e7a belirtilmi\u015ftir. *\u00d6zel yap\u0131s\u0131 ile \u00f6zel \u00e7elik ala\u015f\u0131m\u0131 k\u0131r\u0131lmaya kar\u015f\u0131 maksimum direnci ve esnekli\u011fi sa\u011flar. *Alet g\u00f6vdesinde silikon stoperler mevcuttur. *Milimetrik i\u015faretlemesi sayesinde kolay derinlik \u00f6l\u00e7me yetene\u011fi *8-10-15-20-25-30-35-40-45-50-55-60-65-70-75-80 sorti halde, *15-40 ve 45-80 [&hellip;]<\/p>\n","protected":false},"featured_media":590,"comment_status":"open","ping_status":"closed","template":"","meta":[],"product_cat":[45,26],"product_tag":[],"class_list":["post-589","product","type-product","status-publish","has-post-thumbnail","hentry","product_cat-g-star","product_cat-klinik-sarf-malzemeler"],"_links":{"self":[{"href":"https:\/\/parkdisdeposu.com\/index.php\/wp-json\/wp\/v2\/product\/589","targetHints":{"allow":["GET"]}}],"collection":[{"href":"https:\/\/parkdisdeposu.com\/index.php\/wp-json\/wp\/v2\/product"}],"about":[{"href":"https:\/\/parkdisdeposu.com\/index.php\/wp-json\/wp\/v2\/types\/product"}],"replies":[{"embeddable":true,"href":"https:\/\/parkdisdeposu.com\/index.php\/wp-json\/wp\/v2\/comments?post=589"}],"wp:featuredmedia":[{"embeddable":true,"href":"https:\/\/parkdisdeposu.com\/index.php\/wp-json\/wp\/v2\/media\/590"}],"wp:attachment":[{"href":"https:\/\/parkdisdeposu.com\/index.php\/wp-json\/wp\/v2\/media?parent=589"}],"wp:term":[{"taxonomy":"product_cat","embeddable":true,"href":"https:\/\/parkdisdeposu.com\/index.php\/wp-json\/wp\/v2\/product_cat?post=589"},{"taxonomy":"product_tag","embeddable":true,"href":"https:\/\/parkdisdeposu.com\/index.php\/wp-json\/wp\/v2\/product_tag?post=589"}],"curies":[{"name":"wp","href":"https:\/\/api.w.org\/{rel}","templated":true}]}}