{"id":582,"date":"2022-09-23T11:19:20","date_gmt":"2022-09-23T11:19:20","guid":{"rendered":"https:\/\/parkdisdeposu.com\/?post_type=product&#038;p=582"},"modified":"2025-08-15T15:52:06","modified_gmt":"2025-08-15T15:52:06","slug":"lifemed-ql2028i-a-dental-unit-lifemed-dental-unit-ql2028i-a","status":"publish","type":"product","link":"https:\/\/parkdisdeposu.com\/index.php\/product\/lifemed-ql2028i-a-dental-unit-lifemed-dental-unit-ql2028i-a\/","title":{"rendered":"LIFEMED QL2028I-A DENTAL UN\u0130T Lifemed Dental \u00dcnit QL2028I-A"},"content":{"rendered":"<h1><strong>Lifemed Dental \u00dcnit QL2028I-A<\/strong><\/h1>\n<p><strong>AVANTAJLARI<\/strong><\/p>\n<p>*QL2028I-A en \u00e7ok satan modeldir ve \u015f\u0131k g\u00f6r\u00fcn\u00fcm\u00fc, istikrarl\u0131 kalitesi ve uygun fiyat\u0131 ile di\u015f hekimleri taraf\u0131ndan her zaman tercih edilmi\u015ftir.<\/p>\n<p>*QL2028I&#8217;nin en son y\u00fckseltilmi\u015f modeli olan QL2028I-A modeli, daha da geli\u015ftirilmi\u015f \u00fcretim s\u00fcreci ile daha l\u00fcks hale getirilmi\u015ftir.<\/p>\n<p>* Ayr\u0131ca bu modele daha kullan\u0131c\u0131 dostu fonksiyonlar eklenmi\u015ftir. Di\u015f klini\u011finiz i\u00e7in en iyi se\u00e7imdir!<\/p>\n","protected":false},"excerpt":{"rendered":"<p>Lifemed Dental \u00dcnit QL2028I-A AVANTAJLARI *QL2028I-A en \u00e7ok satan modeldir ve \u015f\u0131k g\u00f6r\u00fcn\u00fcm\u00fc, istikrarl\u0131 kalitesi ve uygun fiyat\u0131 ile di\u015f hekimleri taraf\u0131ndan her zaman tercih edilmi\u015ftir. *QL2028I&#8217;nin en son y\u00fckseltilmi\u015f modeli olan QL2028I-A modeli, daha da geli\u015ftirilmi\u015f \u00fcretim s\u00fcreci ile daha l\u00fcks hale getirilmi\u015ftir. * Ayr\u0131ca bu modele daha kullan\u0131c\u0131 dostu fonksiyonlar eklenmi\u015ftir. Di\u015f klini\u011finiz [&hellip;]<\/p>\n","protected":false},"featured_media":583,"comment_status":"open","ping_status":"closed","template":"","meta":[],"product_cat":[24,41],"product_tag":[],"class_list":["post-582","product","type-product","status-publish","has-post-thumbnail","hentry","product_cat-klinik-cihazlar","product_cat-lifemed"],"_links":{"self":[{"href":"https:\/\/parkdisdeposu.com\/index.php\/wp-json\/wp\/v2\/product\/582","targetHints":{"allow":["GET"]}}],"collection":[{"href":"https:\/\/parkdisdeposu.com\/index.php\/wp-json\/wp\/v2\/product"}],"about":[{"href":"https:\/\/parkdisdeposu.com\/index.php\/wp-json\/wp\/v2\/types\/product"}],"replies":[{"embeddable":true,"href":"https:\/\/parkdisdeposu.com\/index.php\/wp-json\/wp\/v2\/comments?post=582"}],"wp:featuredmedia":[{"embeddable":true,"href":"https:\/\/parkdisdeposu.com\/index.php\/wp-json\/wp\/v2\/media\/583"}],"wp:attachment":[{"href":"https:\/\/parkdisdeposu.com\/index.php\/wp-json\/wp\/v2\/media?parent=582"}],"wp:term":[{"taxonomy":"product_cat","embeddable":true,"href":"https:\/\/parkdisdeposu.com\/index.php\/wp-json\/wp\/v2\/product_cat?post=582"},{"taxonomy":"product_tag","embeddable":true,"href":"https:\/\/parkdisdeposu.com\/index.php\/wp-json\/wp\/v2\/product_tag?post=582"}],"curies":[{"name":"wp","href":"https:\/\/api.w.org\/{rel}","templated":true}]}}