{"id":574,"date":"2022-09-23T10:48:00","date_gmt":"2022-09-23T10:48:00","guid":{"rendered":"https:\/\/parkdisdeposu.com\/?post_type=product&#038;p=574"},"modified":"2025-04-12T00:32:16","modified_gmt":"2025-04-12T00:32:16","slug":"lifemed-23-liter-autoclave-steam-sterilizer-lifemed-otoklav-23-lt","status":"publish","type":"product","link":"https:\/\/parkdisdeposu.com\/index.php\/product\/lifemed-23-liter-autoclave-steam-sterilizer-lifemed-otoklav-23-lt\/","title":{"rendered":"LIFEMED 23 L\u0130TER AUTOCLAVE\/STEAM STER\u0130L\u0130ZER Lifemed Otoklav 23 LT"},"content":{"rendered":"<h1><strong>Lifemed Otoklav 23 LT<\/strong><\/h1>\n<p><strong>AVANTAJLARI<\/strong><\/p>\n<p>*G\u00fcvenli Strilizasyon<\/p>\n<p>*Orjinal B Class<\/p>\n<p>*Dijital G\u00f6r\u00fcnt\u00fc paneli ve yaz\u0131c\u0131 \u00f6zellikli<\/p>\n<p>*23 litre kazan hacmi<\/p>\n","protected":false},"excerpt":{"rendered":"<p>Lifemed Otoklav 23 LT AVANTAJLARI *G\u00fcvenli Strilizasyon *Orjinal B Class *Dijital G\u00f6r\u00fcnt\u00fc paneli ve yaz\u0131c\u0131 \u00f6zellikli *23 litre kazan hacmi<\/p>\n","protected":false},"featured_media":576,"comment_status":"open","ping_status":"closed","template":"","meta":[],"product_cat":[24,41],"product_tag":[],"class_list":["post-574","product","type-product","status-publish","has-post-thumbnail","hentry","product_cat-klinik-cihazlar","product_cat-lifemed"],"_links":{"self":[{"href":"https:\/\/parkdisdeposu.com\/index.php\/wp-json\/wp\/v2\/product\/574","targetHints":{"allow":["GET"]}}],"collection":[{"href":"https:\/\/parkdisdeposu.com\/index.php\/wp-json\/wp\/v2\/product"}],"about":[{"href":"https:\/\/parkdisdeposu.com\/index.php\/wp-json\/wp\/v2\/types\/product"}],"replies":[{"embeddable":true,"href":"https:\/\/parkdisdeposu.com\/index.php\/wp-json\/wp\/v2\/comments?post=574"}],"wp:featuredmedia":[{"embeddable":true,"href":"https:\/\/parkdisdeposu.com\/index.php\/wp-json\/wp\/v2\/media\/576"}],"wp:attachment":[{"href":"https:\/\/parkdisdeposu.com\/index.php\/wp-json\/wp\/v2\/media?parent=574"}],"wp:term":[{"taxonomy":"product_cat","embeddable":true,"href":"https:\/\/parkdisdeposu.com\/index.php\/wp-json\/wp\/v2\/product_cat?post=574"},{"taxonomy":"product_tag","embeddable":true,"href":"https:\/\/parkdisdeposu.com\/index.php\/wp-json\/wp\/v2\/product_tag?post=574"}],"curies":[{"name":"wp","href":"https:\/\/api.w.org\/{rel}","templated":true}]}}