{"id":545,"date":"2022-09-23T07:46:30","date_gmt":"2022-09-23T07:46:30","guid":{"rendered":"https:\/\/parkdisdeposu.com\/?post_type=product&#038;p=545"},"modified":"2022-09-23T07:46:30","modified_gmt":"2022-09-23T07:46:30","slug":"antar-dental-aeolus-pro8-cerrahi-aspirator","status":"publish","type":"product","link":"https:\/\/parkdisdeposu.com\/index.php\/product\/antar-dental-aeolus-pro8-cerrahi-aspirator\/","title":{"rendered":"ANTAR DENTAL AEOLUS-PRO(8) Cerrahi Aspirat\u00f6r"},"content":{"rendered":"<h1><strong>AEOLUS-PRO(8) Cerrahi Aspirat\u00f6r<\/strong><\/h1>\n<p>Maksimum 8 \u00dcnite Kadar Ba\u011flanabilir.<\/p>\n<p>&nbsp;<\/p>\n","protected":false},"excerpt":{"rendered":"<p>AEOLUS-PRO(8) Cerrahi Aspirat\u00f6r Maksimum 8 \u00dcnite Kadar Ba\u011flanabilir. &nbsp;<\/p>\n","protected":false},"featured_media":546,"comment_status":"open","ping_status":"closed","template":"","meta":[],"product_cat":[37,24],"product_tag":[],"class_list":["post-545","product","type-product","status-publish","has-post-thumbnail","hentry","product_cat-antar-technology","product_cat-klinik-cihazlar"],"_links":{"self":[{"href":"https:\/\/parkdisdeposu.com\/index.php\/wp-json\/wp\/v2\/product\/545","targetHints":{"allow":["GET"]}}],"collection":[{"href":"https:\/\/parkdisdeposu.com\/index.php\/wp-json\/wp\/v2\/product"}],"about":[{"href":"https:\/\/parkdisdeposu.com\/index.php\/wp-json\/wp\/v2\/types\/product"}],"replies":[{"embeddable":true,"href":"https:\/\/parkdisdeposu.com\/index.php\/wp-json\/wp\/v2\/comments?post=545"}],"wp:featuredmedia":[{"embeddable":true,"href":"https:\/\/parkdisdeposu.com\/index.php\/wp-json\/wp\/v2\/media\/546"}],"wp:attachment":[{"href":"https:\/\/parkdisdeposu.com\/index.php\/wp-json\/wp\/v2\/media?parent=545"}],"wp:term":[{"taxonomy":"product_cat","embeddable":true,"href":"https:\/\/parkdisdeposu.com\/index.php\/wp-json\/wp\/v2\/product_cat?post=545"},{"taxonomy":"product_tag","embeddable":true,"href":"https:\/\/parkdisdeposu.com\/index.php\/wp-json\/wp\/v2\/product_tag?post=545"}],"curies":[{"name":"wp","href":"https:\/\/api.w.org\/{rel}","templated":true}]}}