{"id":543,"date":"2022-09-23T07:37:15","date_gmt":"2022-09-23T07:37:15","guid":{"rendered":"https:\/\/parkdisdeposu.com\/?post_type=product&#038;p=543"},"modified":"2022-09-23T07:37:15","modified_gmt":"2022-09-23T07:37:15","slug":"antar-dental-aeolus-1500x-cerrahi-aspirator","status":"publish","type":"product","link":"https:\/\/parkdisdeposu.com\/index.php\/product\/antar-dental-aeolus-1500x-cerrahi-aspirator\/","title":{"rendered":"ANTAR DENTAL AEOLUS-1500X Cerrahi Aspirat\u00f6r"},"content":{"rendered":"<h1><strong>AEOLUS-1500X Cerrahi Aspirat\u00f6r<\/strong><\/h1>\n<p>Maksimum 6 \u00dcnite Kadar Ba\u011flanabilir.<\/p>\n<p><strong>TEKN\u0130K PARAMETRELER<\/strong><\/p>\n<table border=\"0\" width=\"291\" cellspacing=\"0\" cellpadding=\"0\">\n<tbody>\n<tr class=\"firstRow\">\n<td class=\"et2\" width=\"160\" height=\"30\">Model<\/td>\n<td class=\"et3\" colspan=\"2\" width=\"97\">AEOLUS-1500X<\/td>\n<\/tr>\n<tr>\n<td class=\"et4\" height=\"20\">Voltaj (V)<\/td>\n<td class=\"et4\" colspan=\"2\">220<\/td>\n<\/tr>\n<tr>\n<td class=\"et4\" height=\"20\">Frekans (HZ)<\/td>\n<td class=\"et4\">50<\/td>\n<td class=\"et4\">60<\/td>\n<\/tr>\n<tr>\n<td class=\"et4\" height=\"20\">G\u00fc\u00e7 (W)<\/td>\n<td class=\"et4\">1900<\/td>\n<td class=\"et4\">2100<\/td>\n<\/tr>\n<tr>\n<td class=\"et4\" height=\"20\">De\u011ferlendirilen Ak\u0131m (A)<\/td>\n<td class=\"et4\">13.1<\/td>\n<td class=\"et4\">14<\/td>\n<\/tr>\n<tr>\n<td class=\"et4\" height=\"20\">Maksimum Vakum (Kpa)<\/td>\n<td class=\"et5\" colspan=\"2\">\u2266-19<\/td>\n<\/tr>\n<tr>\n<td class=\"et4\" height=\"20\">Hava Ak\u0131\u015f\u0131\uff08L\/min)<\/td>\n<td class=\"et4\" colspan=\"2\">\u22671200<\/td>\n<\/tr>\n<tr>\n<td class=\"et6\" width=\"160\" height=\"35\">Ba\u011flanan Di\u015f \u00fcnitesi miktar\u0131 (e\u015fzamanl\u0131 kullan\u0131m% 60)<\/td>\n<td class=\"et4\" colspan=\"2\">6<\/td>\n<\/tr>\n<tr>\n<td class=\"et6\" width=\"160\" height=\"27\">Ba\u011flanan Di\u015f \u00fcnitesi miktar\u0131 (e\u015fzamanl\u0131 kullan\u0131m% 100)<\/td>\n<td class=\"et4\" colspan=\"2\">4<\/td>\n<\/tr>\n<tr>\n<td class=\"et4\" height=\"20\">\u00dcr\u00fcn a\u011f\u0131rl\u0131\u011f\u0131 (kg)<\/td>\n<td class=\"et4\" colspan=\"2\">80<\/td>\n<\/tr>\n<tr>\n<td class=\"et4\" height=\"20\">Paket A\u011f\u0131rl\u0131\u011f\u0131 (kg)<\/td>\n<td class=\"et4\" colspan=\"2\">97<\/td>\n<\/tr>\n<tr>\n<td class=\"et4\" height=\"20\">\u00dcr\u00fcn boyutu (cm)<\/td>\n<td class=\"et4\" colspan=\"2\">92*44*70<\/td>\n<\/tr>\n<tr>\n<td class=\"et4\" height=\"20\">Paket boyutu (cm)<\/td>\n<td class=\"et4\" colspan=\"2\">96*50*86<\/td>\n<\/tr>\n<tr>\n<td class=\"et4\" height=\"20\">G\u00fcr\u00fclt\u00fc (dB)<\/td>\n<td class=\"et4\" colspan=\"2\">72<\/td>\n<\/tr>\n<\/tbody>\n<\/table>\n","protected":false},"excerpt":{"rendered":"<p>AEOLUS-1500X Cerrahi Aspirat\u00f6r Maksimum 6 \u00dcnite Kadar Ba\u011flanabilir. TEKN\u0130K PARAMETRELER Model AEOLUS-1500X Voltaj (V) 220 Frekans (HZ) 50 60 G\u00fc\u00e7 (W) 1900 2100 De\u011ferlendirilen Ak\u0131m (A) 13.1 14 Maksimum Vakum (Kpa) \u2266-19 Hava Ak\u0131\u015f\u0131\uff08L\/min) \u22671200 Ba\u011flanan Di\u015f \u00fcnitesi miktar\u0131 (e\u015fzamanl\u0131 kullan\u0131m% 60) 6 Ba\u011flanan Di\u015f \u00fcnitesi miktar\u0131 (e\u015fzamanl\u0131 kullan\u0131m% 100) 4 \u00dcr\u00fcn a\u011f\u0131rl\u0131\u011f\u0131 (kg) 80 [&hellip;]<\/p>\n","protected":false},"featured_media":544,"comment_status":"open","ping_status":"closed","template":"","meta":[],"product_cat":[37,24],"product_tag":[],"class_list":["post-543","product","type-product","status-publish","has-post-thumbnail","hentry","product_cat-antar-technology","product_cat-klinik-cihazlar"],"_links":{"self":[{"href":"https:\/\/parkdisdeposu.com\/index.php\/wp-json\/wp\/v2\/product\/543","targetHints":{"allow":["GET"]}}],"collection":[{"href":"https:\/\/parkdisdeposu.com\/index.php\/wp-json\/wp\/v2\/product"}],"about":[{"href":"https:\/\/parkdisdeposu.com\/index.php\/wp-json\/wp\/v2\/types\/product"}],"replies":[{"embeddable":true,"href":"https:\/\/parkdisdeposu.com\/index.php\/wp-json\/wp\/v2\/comments?post=543"}],"wp:featuredmedia":[{"embeddable":true,"href":"https:\/\/parkdisdeposu.com\/index.php\/wp-json\/wp\/v2\/media\/544"}],"wp:attachment":[{"href":"https:\/\/parkdisdeposu.com\/index.php\/wp-json\/wp\/v2\/media?parent=543"}],"wp:term":[{"taxonomy":"product_cat","embeddable":true,"href":"https:\/\/parkdisdeposu.com\/index.php\/wp-json\/wp\/v2\/product_cat?post=543"},{"taxonomy":"product_tag","embeddable":true,"href":"https:\/\/parkdisdeposu.com\/index.php\/wp-json\/wp\/v2\/product_tag?post=543"}],"curies":[{"name":"wp","href":"https:\/\/api.w.org\/{rel}","templated":true}]}}