{"id":531,"date":"2022-09-22T15:11:37","date_gmt":"2022-09-22T15:11:37","guid":{"rendered":"https:\/\/parkdisdeposu.com\/?post_type=product&#038;p=531"},"modified":"2022-09-23T09:01:19","modified_gmt":"2022-09-23T09:01:19","slug":"aeolus-370x-aeolus-370x-tasinabilir-cerrahi-aspirator","status":"publish","type":"product","link":"https:\/\/parkdisdeposu.com\/index.php\/product\/aeolus-370x-aeolus-370x-tasinabilir-cerrahi-aspirator\/","title":{"rendered":"ANTAR DENTAL AEOLUS-370X Ta\u015f\u0131nabilir Cerrahi Aspirat\u00f6r"},"content":{"rendered":"<h1><strong>AEOLUS-370X Ta\u015f\u0131nabilir Cerrahi Aspirat\u00f6r<\/strong><\/h1>\n<p>Kendinden Tankl\u0131<br \/>\nMobil Cerrahi Aspirat\u00f6r ve T\u00fck\u00fcr\u00fck Emici<\/p>\n<p><strong>TEKN\u0130K PARAMETRELER<\/strong><\/p>\n<table style=\"height: 463px;\" border=\"0\" width=\"342\" cellspacing=\"0\" cellpadding=\"0\">\n<tbody>\n<tr class=\"firstRow\">\n<td width=\"213\" height=\"40\">Model<\/td>\n<td colspan=\"2\" width=\"130\">AEOLUS-370X<\/td>\n<\/tr>\n<tr>\n<td height=\"27\">Voltaj(V)<\/td>\n<td colspan=\"2\">220<\/td>\n<\/tr>\n<tr>\n<td height=\"27\">Frekans(HZ)<\/td>\n<td>50<\/td>\n<td>60<\/td>\n<\/tr>\n<tr>\n<td height=\"27\">G\u00fc\u00e7(W)<\/td>\n<td>600<\/td>\n<td>620<\/td>\n<\/tr>\n<tr>\n<td height=\"27\">De\u011ferlendirilen Ak\u0131m(A)<\/td>\n<td>3.7<\/td>\n<td>4.5<\/td>\n<\/tr>\n<tr>\n<td height=\"27\">Maksimum Vakum(Kpa)<\/td>\n<td colspan=\"2\">\u2266-12<\/td>\n<\/tr>\n<tr>\n<td height=\"27\">Hava Ak\u0131\u015f\u0131\uff08L\/min)<\/td>\n<td colspan=\"2\">\u2267300<\/td>\n<\/tr>\n<tr>\n<td width=\"213\" height=\"47\">Ba\u011flanan Di\u015f \u00fcnitesi miktar\u0131 (e\u015fzamanl\u0131 kullan\u0131m% 60)<\/td>\n<td colspan=\"2\">1<\/td>\n<\/tr>\n<tr>\n<td width=\"213\" height=\"36\">Ba\u011flanan Di\u015f \u00fcnitesi miktar\u0131 (e\u015fzamanl\u0131 kullan\u0131m% 100)<\/td>\n<td colspan=\"2\">1<\/td>\n<\/tr>\n<tr>\n<td height=\"27\">\u00dcr\u00fcn a\u011f\u0131rl\u0131\u011f\u0131 (kg)<\/td>\n<td colspan=\"2\">31<\/td>\n<\/tr>\n<tr>\n<td height=\"27\">Paket A\u011f\u0131rl\u0131\u011f\u0131 (kg)\uff09<\/td>\n<td colspan=\"2\">35<\/td>\n<\/tr>\n<tr>\n<td height=\"27\">\u00dcr\u00fcn boyutu (cm)<\/td>\n<td colspan=\"2\">37*33*89<\/td>\n<\/tr>\n<tr>\n<td height=\"27\">Paket boyutu (cm)<\/td>\n<td colspan=\"2\">45*43*96<\/td>\n<\/tr>\n<tr>\n<td height=\"27\">G\u00fcr\u00fclt\u00fc (dB)<\/td>\n<td colspan=\"2\">64<\/td>\n<\/tr>\n<\/tbody>\n<\/table>\n","protected":false},"excerpt":{"rendered":"<p>AEOLUS-370X Ta\u015f\u0131nabilir Cerrahi Aspirat\u00f6r Kendinden Tankl\u0131 Mobil Cerrahi Aspirat\u00f6r ve T\u00fck\u00fcr\u00fck Emici TEKN\u0130K PARAMETRELER Model AEOLUS-370X Voltaj(V) 220 Frekans(HZ) 50 60 G\u00fc\u00e7(W) 600 620 De\u011ferlendirilen Ak\u0131m(A) 3.7 4.5 Maksimum Vakum(Kpa) \u2266-12 Hava Ak\u0131\u015f\u0131\uff08L\/min) \u2267300 Ba\u011flanan Di\u015f \u00fcnitesi miktar\u0131 (e\u015fzamanl\u0131 kullan\u0131m% 60) 1 Ba\u011flanan Di\u015f \u00fcnitesi miktar\u0131 (e\u015fzamanl\u0131 kullan\u0131m% 100) 1 \u00dcr\u00fcn a\u011f\u0131rl\u0131\u011f\u0131 (kg) 31 Paket [&hellip;]<\/p>\n","protected":false},"featured_media":532,"comment_status":"open","ping_status":"closed","template":"","meta":[],"product_cat":[37,24],"product_tag":[],"class_list":["post-531","product","type-product","status-publish","has-post-thumbnail","hentry","product_cat-antar-technology","product_cat-klinik-cihazlar"],"_links":{"self":[{"href":"https:\/\/parkdisdeposu.com\/index.php\/wp-json\/wp\/v2\/product\/531","targetHints":{"allow":["GET"]}}],"collection":[{"href":"https:\/\/parkdisdeposu.com\/index.php\/wp-json\/wp\/v2\/product"}],"about":[{"href":"https:\/\/parkdisdeposu.com\/index.php\/wp-json\/wp\/v2\/types\/product"}],"replies":[{"embeddable":true,"href":"https:\/\/parkdisdeposu.com\/index.php\/wp-json\/wp\/v2\/comments?post=531"}],"wp:featuredmedia":[{"embeddable":true,"href":"https:\/\/parkdisdeposu.com\/index.php\/wp-json\/wp\/v2\/media\/532"}],"wp:attachment":[{"href":"https:\/\/parkdisdeposu.com\/index.php\/wp-json\/wp\/v2\/media?parent=531"}],"wp:term":[{"taxonomy":"product_cat","embeddable":true,"href":"https:\/\/parkdisdeposu.com\/index.php\/wp-json\/wp\/v2\/product_cat?post=531"},{"taxonomy":"product_tag","embeddable":true,"href":"https:\/\/parkdisdeposu.com\/index.php\/wp-json\/wp\/v2\/product_tag?post=531"}],"curies":[{"name":"wp","href":"https:\/\/api.w.org\/{rel}","templated":true}]}}