{"id":429,"date":"2022-09-22T07:58:00","date_gmt":"2022-09-22T07:58:00","guid":{"rendered":"https:\/\/parkdisdeposu.com\/?post_type=product&#038;p=429"},"modified":"2022-09-22T12:18:54","modified_gmt":"2022-09-22T12:18:54","slug":"izolane-light-cured-lining-compomer-material-izoline-isikla-sertlesen-kompomer-esasli-kaide-maddesi","status":"publish","type":"product","link":"https:\/\/parkdisdeposu.com\/index.php\/product\/izolane-light-cured-lining-compomer-material-izoline-isikla-sertlesen-kompomer-esasli-kaide-maddesi\/","title":{"rendered":"IZOLANE LIGHT CURED LINING COMPOMER MATERIAL \u0130zoline I\u015f\u0131kla Sertle\u015fen Kompomer Esasl\u0131 Kaide Maddesi"},"content":{"rendered":"<h1><strong>\u0130zoline I\u015f\u0131kla Sertle\u015fen Kompomer Esasl\u0131 Kaide Maddesi<\/strong><\/h1>\n<p><strong>KULLANIM ALANLARI<\/strong><\/p>\n<p>Kompozit ve amalgam dolgular\u0131n alt\u0131na kaide i\u00e7in,<\/p>\n<p>Anterior ve posteriorlarda daimi s\u00fct di\u015flerinin restorasyonunda post yap\u0131m\u0131nda,<\/p>\n<p>Sandvi\u00e7 tekni\u011fi materyallerinin alt\u0131nda kavite \u00f6rt\u00fcc\u00fc ve kaide olarak kullan\u0131l\u0131r.<\/p>\n<p><strong>\u00a0<\/strong><strong>PAKETLEME<\/strong><\/p>\n<p>\u015e\u0131r\u0131nga Pasta \u2013 2*2g ve u\u00e7lar<\/p>\n","protected":false},"excerpt":{"rendered":"<p>\u0130zoline I\u015f\u0131kla Sertle\u015fen Kompomer Esasl\u0131 Kaide Maddesi KULLANIM ALANLARI Kompozit ve amalgam dolgular\u0131n alt\u0131na kaide i\u00e7in, Anterior ve posteriorlarda daimi s\u00fct di\u015flerinin restorasyonunda post yap\u0131m\u0131nda, Sandvi\u00e7 tekni\u011fi materyallerinin alt\u0131nda kavite \u00f6rt\u00fcc\u00fc ve kaide olarak kullan\u0131l\u0131r. \u00a0PAKETLEME \u015e\u0131r\u0131nga Pasta \u2013 2*2g ve u\u00e7lar<\/p>\n","protected":false},"featured_media":430,"comment_status":"open","ping_status":"closed","template":"","meta":[],"product_cat":[26,42],"product_tag":[],"class_list":["post-429","product","type-product","status-publish","has-post-thumbnail","hentry","product_cat-klinik-sarf-malzemeler","product_cat-vladmiva"],"_links":{"self":[{"href":"https:\/\/parkdisdeposu.com\/index.php\/wp-json\/wp\/v2\/product\/429","targetHints":{"allow":["GET"]}}],"collection":[{"href":"https:\/\/parkdisdeposu.com\/index.php\/wp-json\/wp\/v2\/product"}],"about":[{"href":"https:\/\/parkdisdeposu.com\/index.php\/wp-json\/wp\/v2\/types\/product"}],"replies":[{"embeddable":true,"href":"https:\/\/parkdisdeposu.com\/index.php\/wp-json\/wp\/v2\/comments?post=429"}],"wp:featuredmedia":[{"embeddable":true,"href":"https:\/\/parkdisdeposu.com\/index.php\/wp-json\/wp\/v2\/media\/430"}],"wp:attachment":[{"href":"https:\/\/parkdisdeposu.com\/index.php\/wp-json\/wp\/v2\/media?parent=429"}],"wp:term":[{"taxonomy":"product_cat","embeddable":true,"href":"https:\/\/parkdisdeposu.com\/index.php\/wp-json\/wp\/v2\/product_cat?post=429"},{"taxonomy":"product_tag","embeddable":true,"href":"https:\/\/parkdisdeposu.com\/index.php\/wp-json\/wp\/v2\/product_tag?post=429"}],"curies":[{"name":"wp","href":"https:\/\/api.w.org\/{rel}","templated":true}]}}