{"id":389,"date":"2022-09-21T12:00:25","date_gmt":"2022-09-21T12:00:25","guid":{"rendered":"https:\/\/parkdisdeposu.com\/?post_type=product&#038;p=389"},"modified":"2022-09-22T12:22:21","modified_gmt":"2022-09-22T12:22:21","slug":"aksil-lc-aksil-lc-hassasiyet-giderici","status":"publish","type":"product","link":"https:\/\/parkdisdeposu.com\/index.php\/product\/aksil-lc-aksil-lc-hassasiyet-giderici\/","title":{"rendered":"AKSIL-LC Aksil-LC Hassasiyet Giderici"},"content":{"rendered":"<h1><strong>Aksil-LC Hassasiyet Giderici<\/strong><\/h1>\n<p>&nbsp;<\/p>\n<p><strong>KULLANIM ALANLARI<\/strong><\/p>\n<p>Cam-iyonomer ve kompozit malzemelerden yap\u0131lan dolgular\u0131n nem etkisinden izole edilmesi i\u00e7in;<\/p>\n<p>K\u00fc\u00e7\u00fck kusurlar\u0131 ve y\u00fczey hassasiyeti i\u00e7in kullan\u0131l\u0131r.<\/p>\n<p>&nbsp;<\/p>\n<p><strong>PAKETLEME<\/strong><\/p>\n<p>Likit &#8211; 5ml<\/p>\n<p>&nbsp;<\/p>\n","protected":false},"excerpt":{"rendered":"<p>Aksil-LC Hassasiyet Giderici &nbsp; KULLANIM ALANLARI Cam-iyonomer ve kompozit malzemelerden yap\u0131lan dolgular\u0131n nem etkisinden izole edilmesi i\u00e7in; K\u00fc\u00e7\u00fck kusurlar\u0131 ve y\u00fczey hassasiyeti i\u00e7in kullan\u0131l\u0131r. &nbsp; PAKETLEME Likit &#8211; 5ml &nbsp;<\/p>\n","protected":false},"featured_media":390,"comment_status":"open","ping_status":"closed","template":"","meta":[],"product_cat":[26,42],"product_tag":[31,32],"class_list":["post-389","product","type-product","status-publish","has-post-thumbnail","hentry","product_cat-klinik-sarf-malzemeler","product_cat-vladmiva","product_tag-dental","product_tag-dis-malzemeleri"],"_links":{"self":[{"href":"https:\/\/parkdisdeposu.com\/index.php\/wp-json\/wp\/v2\/product\/389","targetHints":{"allow":["GET"]}}],"collection":[{"href":"https:\/\/parkdisdeposu.com\/index.php\/wp-json\/wp\/v2\/product"}],"about":[{"href":"https:\/\/parkdisdeposu.com\/index.php\/wp-json\/wp\/v2\/types\/product"}],"replies":[{"embeddable":true,"href":"https:\/\/parkdisdeposu.com\/index.php\/wp-json\/wp\/v2\/comments?post=389"}],"wp:featuredmedia":[{"embeddable":true,"href":"https:\/\/parkdisdeposu.com\/index.php\/wp-json\/wp\/v2\/media\/390"}],"wp:attachment":[{"href":"https:\/\/parkdisdeposu.com\/index.php\/wp-json\/wp\/v2\/media?parent=389"}],"wp:term":[{"taxonomy":"product_cat","embeddable":true,"href":"https:\/\/parkdisdeposu.com\/index.php\/wp-json\/wp\/v2\/product_cat?post=389"},{"taxonomy":"product_tag","embeddable":true,"href":"https:\/\/parkdisdeposu.com\/index.php\/wp-json\/wp\/v2\/product_tag?post=389"}],"curies":[{"name":"wp","href":"https:\/\/api.w.org\/{rel}","templated":true}]}}