{"id":90,"date":"2022-09-03T08:56:42","date_gmt":"2022-09-03T08:56:42","guid":{"rendered":"https:\/\/parkdisdeposu.com\/?page_id=90"},"modified":"2022-09-06T10:55:06","modified_gmt":"2022-09-06T10:55:06","slug":"hakkimizda","status":"publish","type":"page","link":"https:\/\/parkdisdeposu.com\/index.php\/hakkimizda\/","title":{"rendered":"Hakk\u0131m\u0131zda"},"content":{"rendered":"\t\t<div data-elementor-type=\"wp-page\" data-elementor-id=\"90\" class=\"elementor elementor-90\">\n\t\t\t\t\t\t\t\t\t<section class=\"elementor-section elementor-top-section elementor-element elementor-element-67f42b2d elementor-section-height-min-height elementor-section-content-middle elementor-section-boxed elementor-section-height-default elementor-section-items-middle\" data-id=\"67f42b2d\" data-element_type=\"section\" data-settings=\"{&quot;background_background&quot;:&quot;classic&quot;}\">\n\t\t\t\t\t\t\t<div class=\"elementor-background-overlay\"><\/div>\n\t\t\t\t\t\t\t<div class=\"elementor-container elementor-column-gap-no\">\n\t\t\t\t\t<div class=\"elementor-column elementor-col-100 elementor-top-column elementor-element elementor-element-41cb0cd5\" data-id=\"41cb0cd5\" data-element_type=\"column\" data-settings=\"{&quot;background_background&quot;:&quot;classic&quot;}\">\n\t\t\t<div class=\"elementor-widget-wrap elementor-element-populated\">\n\t\t\t\t\t\t\t\t<div class=\"elementor-element elementor-element-5c7a428e elementor-widget elementor-widget-heading\" data-id=\"5c7a428e\" data-element_type=\"widget\" data-widget_type=\"heading.default\">\n\t\t\t\t<div class=\"elementor-widget-container\">\n\t\t\t<style>\/*! elementor - v3.7.4 - 31-08-2022 *\/\n.elementor-heading-title{padding:0;margin:0;line-height:1}.elementor-widget-heading .elementor-heading-title[class*=elementor-size-]>a{color:inherit;font-size:inherit;line-height:inherit}.elementor-widget-heading .elementor-heading-title.elementor-size-small{font-size:15px}.elementor-widget-heading .elementor-heading-title.elementor-size-medium{font-size:19px}.elementor-widget-heading .elementor-heading-title.elementor-size-large{font-size:29px}.elementor-widget-heading .elementor-heading-title.elementor-size-xl{font-size:39px}.elementor-widget-heading .elementor-heading-title.elementor-size-xxl{font-size:59px}<\/style><h1 class=\"elementor-heading-title elementor-size-default\">Hakk\u0131m\u0131zda<\/h1>\t\t<\/div>\n\t\t\t\t<\/div>\n\t\t\t\t\t<\/div>\n\t\t<\/div>\n\t\t\t\t\t\t\t<\/div>\n\t\t<\/section>\n\t\t\t\t<section class=\"elementor-section elementor-top-section elementor-element elementor-element-7324b9e5 elementor-section-boxed elementor-section-height-default elementor-section-height-default\" data-id=\"7324b9e5\" data-element_type=\"section\">\n\t\t\t\t\t\t<div class=\"elementor-container elementor-column-gap-no\">\n\t\t\t\t\t<div class=\"elementor-column elementor-col-100 elementor-top-column elementor-element elementor-element-e8c7395\" data-id=\"e8c7395\" data-element_type=\"column\">\n\t\t\t<div class=\"elementor-widget-wrap elementor-element-populated\">\n\t\t\t\t\t\t\t\t<section class=\"elementor-section elementor-inner-section elementor-element elementor-element-b5017c elementor-section-boxed elementor-section-height-default elementor-section-height-default\" data-id=\"b5017c\" data-element_type=\"section\">\n\t\t\t\t\t\t<div class=\"elementor-container elementor-column-gap-no\">\n\t\t\t\t\t<div class=\"elementor-column elementor-col-50 elementor-inner-column elementor-element elementor-element-8f8336\" data-id=\"8f8336\" data-element_type=\"column\">\n\t\t\t<div class=\"elementor-widget-wrap elementor-element-populated\">\n\t\t\t\t\t\t\t\t<div class=\"elementor-element elementor-element-33eea31d elementor-widget elementor-widget-elementskit-heading\" data-id=\"33eea31d\" data-element_type=\"widget\" data-widget_type=\"elementskit-heading.default\">\n\t\t\t\t<div class=\"elementor-widget-container\">\n\t\t\t<div class=\"ekit-wid-con\" ><div class=\"ekit-heading elementskit-section-title-wraper text_left   ekit_heading_tablet-text_left   ekit_heading_mobile-\"><h6 class=\"elementskit-section-subtitle  \">\n\t\t\t\t\t\tHAKKIMIZDA\n\t\t\t\t\t<\/h6><h3 class=\"ekit-heading--title elementskit-section-title \">\n\t\t\t\t\tBiz Kimiz?\n\t\t\t\t<\/h3>\t\t\t\t<div class='ekit-heading__description'>\n\t\t\t\t\t<p>1996 y\u0131l\u0131nda \u00e7ok ortakl\u0131 olarak girdi\u011fimiz sekt\u00f6re, 2007 y\u0131l\u0131nda Park Di\u015f Deposu olarak kurdu\u011fumuz \u015firketimizle devam etmekteyiz. Yakla\u015f\u0131k 25 y\u0131ll\u0131k tecr\u00fcbemizle di\u015f hekimli\u011fi sarf, cihaz ve ekipmanlar\u0131 ithalat\u0131 ve pazarlamas\u0131 alan\u0131nda faaliyet g\u00f6stermekte ve alan\u0131ndaki yenilik\u00e7i yat\u0131r\u0131mlar\u0131yla b\u00fcy\u00fcmesini s\u00fcrd\u00fcrmektedir. Avrupa ve uzak do\u011fudan en kaliteli ve g\u00fcvenilir \u00fcr\u00fcnleri dental sekt\u00f6r\u00fcn hizmetine sunmaktay\u0131z.<br \/>Firma olarak y\u00fcksek kalitede \u00fcr\u00fcnleri , sekt\u00f6rdeki yenilikleri ve teknolojileri m\u00fc\u015fterilerimize gen\u00e7 dinamik bir kadroyla bulu\u015fturma hedefindedir. Firmam\u0131z pazarlamakta oldu\u011fu \u00fcr\u00fcnlerin \u00e7e\u015fitlili\u011fini her ge\u00e7en g\u00fcn art\u0131rmakta olup, fiyat \/ fayda endeksi en y\u00fcksek \u00fcr\u00fcnleri , d\u00fcnyan\u0131n \u00e7e\u015fitli \u00fclkelerinden tedarik edip, di\u015f hekimli\u011fi sekt\u00f6r\u00fcne kazand\u0131rmay\u0131 kendisine ilke edinmi\u015ftir.<\/p>\n\t\t\t\t<\/div>\n\t\t\t<\/div><\/div>\t\t<\/div>\n\t\t\t\t<\/div>\n\t\t\t\t\t<\/div>\n\t\t<\/div>\n\t\t\t\t<div class=\"elementor-column elementor-col-50 elementor-inner-column elementor-element elementor-element-2915e22e\" data-id=\"2915e22e\" data-element_type=\"column\">\n\t\t\t<div class=\"elementor-widget-wrap elementor-element-populated\">\n\t\t\t\t\t\t\t\t<div class=\"elementor-element elementor-element-3ee2356 elementor-widget elementor-widget-image\" data-id=\"3ee2356\" data-element_type=\"widget\" data-widget_type=\"image.default\">\n\t\t\t\t<div class=\"elementor-widget-container\">\n\t\t\t<style>\/*! elementor - v3.7.4 - 31-08-2022 *\/\n.elementor-widget-image{text-align:center}.elementor-widget-image a{display:inline-block}.elementor-widget-image a img[src$=\".svg\"]{width:48px}.elementor-widget-image img{vertical-align:middle;display:inline-block}<\/style>\t\t\t\t\t\t\t\t\t\t\t\t<img loading=\"lazy\" decoding=\"async\" width=\"800\" height=\"543\" src=\"https:\/\/parkdisdeposu.com\/wp-content\/uploads\/2022\/09\/bigstock-dentistry-medicine-medical-e-147316340-1024x695.jpg\" class=\"attachment-large size-large\" alt=\"\" srcset=\"https:\/\/parkdisdeposu.com\/wp-content\/uploads\/2022\/09\/bigstock-dentistry-medicine-medical-e-147316340-1024x695.jpg 1024w, https:\/\/parkdisdeposu.com\/wp-content\/uploads\/2022\/09\/bigstock-dentistry-medicine-medical-e-147316340-300x204.jpg 300w, https:\/\/parkdisdeposu.com\/wp-content\/uploads\/2022\/09\/bigstock-dentistry-medicine-medical-e-147316340-768x521.jpg 768w, https:\/\/parkdisdeposu.com\/wp-content\/uploads\/2022\/09\/bigstock-dentistry-medicine-medical-e-147316340-1536x1043.jpg 1536w, https:\/\/parkdisdeposu.com\/wp-content\/uploads\/2022\/09\/bigstock-dentistry-medicine-medical-e-147316340-600x407.jpg 600w, https:\/\/parkdisdeposu.com\/wp-content\/uploads\/2022\/09\/bigstock-dentistry-medicine-medical-e-147316340.jpg 2048w\" sizes=\"auto, (max-width: 800px) 100vw, 800px\" \/>\t\t\t\t\t\t\t\t\t\t\t\t\t\t\t<\/div>\n\t\t\t\t<\/div>\n\t\t\t\t\t<\/div>\n\t\t<\/div>\n\t\t\t\t\t\t\t<\/div>\n\t\t<\/section>\n\t\t\t\t\t<\/div>\n\t\t<\/div>\n\t\t\t\t\t\t\t<\/div>\n\t\t<\/section>\n\t\t\t\t\t\t\t<\/div>\n\t\t","protected":false},"excerpt":{"rendered":"<p>Hakk\u0131m\u0131zda HAKKIMIZDA Biz Kimiz? 1996 y\u0131l\u0131nda \u00e7ok ortakl\u0131 olarak girdi\u011fimiz sekt\u00f6re, 2007 y\u0131l\u0131nda Park Di\u015f Deposu olarak kurdu\u011fumuz \u015firketimizle devam etmekteyiz. Yakla\u015f\u0131k 25 y\u0131ll\u0131k tecr\u00fcbemizle di\u015f hekimli\u011fi sarf, cihaz ve ekipmanlar\u0131 ithalat\u0131 ve pazarlamas\u0131 alan\u0131nda faaliyet g\u00f6stermekte ve alan\u0131ndaki yenilik\u00e7i yat\u0131r\u0131mlar\u0131yla b\u00fcy\u00fcmesini s\u00fcrd\u00fcrmektedir. Avrupa ve uzak do\u011fudan en kaliteli ve g\u00fcvenilir \u00fcr\u00fcnleri dental sekt\u00f6r\u00fcn hizmetine [&hellip;]<\/p>\n","protected":false},"author":1,"featured_media":0,"parent":0,"menu_order":0,"comment_status":"closed","ping_status":"closed","template":"elementor_header_footer","meta":{"footnotes":""},"class_list":["post-90","page","type-page","status-publish","hentry"],"_links":{"self":[{"href":"https:\/\/parkdisdeposu.com\/index.php\/wp-json\/wp\/v2\/pages\/90","targetHints":{"allow":["GET"]}}],"collection":[{"href":"https:\/\/parkdisdeposu.com\/index.php\/wp-json\/wp\/v2\/pages"}],"about":[{"href":"https:\/\/parkdisdeposu.com\/index.php\/wp-json\/wp\/v2\/types\/page"}],"author":[{"embeddable":true,"href":"https:\/\/parkdisdeposu.com\/index.php\/wp-json\/wp\/v2\/users\/1"}],"replies":[{"embeddable":true,"href":"https:\/\/parkdisdeposu.com\/index.php\/wp-json\/wp\/v2\/comments?post=90"}],"version-history":[{"count":19,"href":"https:\/\/parkdisdeposu.com\/index.php\/wp-json\/wp\/v2\/pages\/90\/revisions"}],"predecessor-version":[{"id":278,"href":"https:\/\/parkdisdeposu.com\/index.php\/wp-json\/wp\/v2\/pages\/90\/revisions\/278"}],"wp:attachment":[{"href":"https:\/\/parkdisdeposu.com\/index.php\/wp-json\/wp\/v2\/media?parent=90"}],"curies":[{"name":"wp","href":"https:\/\/api.w.org\/{rel}","templated":true}]}}